{"id":4496,"date":"2023-10-27T10:27:30","date_gmt":"2023-10-27T08:27:30","guid":{"rendered":"https:\/\/www.pennabakery.it\/?post_type=product&#038;p=4496"},"modified":"2025-12-24T13:49:48","modified_gmt":"2025-12-24T12:49:48","slug":"il-panettone-caramello-salato","status":"publish","type":"product","link":"https:\/\/www.pennabakery.it\/en\/product\/il-panettone-caramello-salato\/","title":{"rendered":"Il Panettone Caramello Salato"},"content":{"rendered":"<h3><span data-doc-id=\"8048521000002964014\" data-doc-type=\"writer\">Ingredients<\/span><\/h3>\n<p>Farina 00 di <strong>grano<\/strong> tenero , <strong>Caramel chocolate<\/strong> (sugar, cocoa butter, whole milk powder *, * soy lecithin natural vanilla extract) <strong>BUTTER<\/strong> , tuorli <strong>d&#8217;uova<\/strong> fresche pastorizzate, zucchero , <strong>lievito madre<\/strong> , miele d&#8217;acacia , pasta d&#8217;arancia , sale , acqua, vaniglia di bourbon del Madagascar in baccelli , Glassa: Cioccolato al caramello , granella di caramello salato.<\/p>\n<h3>List of Allergens<\/h3>\n<p>Contiene: glutine , lattosio, uova. Potrebbe contenere <strong>frutta a guscio<\/strong> e derivati del <strong>latte<\/strong><\/p>\n<h3>Storage<\/h3>\n<p> Conservare in luogo fresco e asciutto lontano da fonti di calore. Non esporre al sole ed evitare gli sbalzi di<br \/>\n temperatura.<\/p>\n<p><em>* Allergen ingredients in <b>bold<\/b><\/em><\/p>","protected":false},"excerpt":{"rendered":"<p><strong>Il Panettone al Caramello Salato<\/strong> \u00e8 fatta solo con lievito madre ed \u00e8 arricchita di delizioso caramello salato. La struttura \u00e8 molto soffice grazie alla lenta lievitazione. \u00c8 una panettone dal sapore equilibrato grazie al connubio tra il dolce del caramello e del cioccolato: un capolavoro di equilibrata dolcezza.<\/p>\n<p class=\" translation-block\"><strong>100% hand-made<\/strong>, no added preservatives, semi-finished products, flavours and vegetable fats.<\/p>\n<p>Made with passion.<\/p>","protected":false},"featured_media":4664,"template":"","meta":[],"product_cat":[89],"product_tag":[],"yoast_head":"<!-- This site is optimized with the Yoast SEO plugin v19.13 - https:\/\/yoast.com\/wordpress\/plugins\/seo\/ -->\n<title>Il Panettone Caramello Salato - Penna Bakery<\/title>\n<meta name=\"description\" content=\"Il Panettone al Caramello Salato \u00e8 fatta solo con lievito madre ed \u00e8 arricchita di delizioso caramello salato.\" \/>\n<meta name=\"robots\" content=\"index, follow, max-snippet:-1, max-image-preview:large, max-video-preview:-1\" \/>\n<link rel=\"canonical\" href=\"https:\/\/www.pennabakery.it\/en\/product\/il-panettone-caramello-salato\/\" \/>\n<meta property=\"og:locale\" content=\"en_GB\" \/>\n<meta property=\"og:type\" content=\"article\" \/>\n<meta property=\"og:title\" content=\"Il Panettone Caramello Salato - Penna Bakery\" \/>\n<meta property=\"og:description\" content=\"Il Panettone al Caramello Salato \u00e8 fatta solo con lievito madre ed \u00e8 arricchita di delizioso caramello salato.\" \/>\n<meta property=\"og:url\" content=\"https:\/\/www.pennabakery.it\/en\/product\/il-panettone-caramello-salato\/\" \/>\n<meta property=\"og:site_name\" content=\"Penna Bakery\" \/>\n<meta property=\"article:modified_time\" content=\"2025-12-24T12:49:48+00:00\" \/>\n<meta property=\"og:image\" content=\"https:\/\/www.pennabakery.it\/wp-content\/uploads\/2023\/10\/panettone-caramello-salato-penna-bakery.png\" \/>\n\t<meta property=\"og:image:width\" content=\"1200\" \/>\n\t<meta property=\"og:image:height\" content=\"1200\" \/>\n\t<meta property=\"og:image:type\" content=\"image\/png\" \/>\n<meta name=\"twitter:card\" content=\"summary_large_image\" \/>\n<meta name=\"twitter:label1\" content=\"Estimated reading time\" \/>\n\t<meta name=\"twitter:data1\" content=\"1 minute\" \/>\n<script type=\"application\/ld+json\" class=\"yoast-schema-graph\">{\"@context\":\"https:\/\/schema.org\",\"@graph\":[{\"@type\":\"WebPage\",\"@id\":\"https:\/\/www.pennabakery.it\/prodotto\/il-panettone-caramello-salato\/\",\"url\":\"https:\/\/www.pennabakery.it\/prodotto\/il-panettone-caramello-salato\/\",\"name\":\"Il Panettone Caramello Salato - Penna Bakery\",\"isPartOf\":{\"@id\":\"https:\/\/www.pennabakery.it\/#website\"},\"datePublished\":\"2023-10-27T08:27:30+00:00\",\"dateModified\":\"2025-12-24T12:49:48+00:00\",\"description\":\"Il Panettone al Caramello Salato \u00e8 fatta solo con lievito madre ed \u00e8 arricchita di delizioso caramello salato.\",\"breadcrumb\":{\"@id\":\"https:\/\/www.pennabakery.it\/prodotto\/il-panettone-caramello-salato\/#breadcrumb\"},\"inLanguage\":\"en-GB\",\"potentialAction\":[{\"@type\":\"ReadAction\",\"target\":[\"https:\/\/www.pennabakery.it\/prodotto\/il-panettone-caramello-salato\/\"]}]},{\"@type\":\"BreadcrumbList\",\"@id\":\"https:\/\/www.pennabakery.it\/prodotto\/il-panettone-caramello-salato\/#breadcrumb\",\"itemListElement\":[{\"@type\":\"ListItem\",\"position\":1,\"name\":\"Home\",\"item\":\"https:\/\/www.pennabakery.it\/\"},{\"@type\":\"ListItem\",\"position\":2,\"name\":\"Lo Shop\",\"item\":\"https:\/\/www.pennabakery.it\/negozio\/\"},{\"@type\":\"ListItem\",\"position\":3,\"name\":\"Il Panettone Caramello Salato\"}]},{\"@type\":\"WebSite\",\"@id\":\"https:\/\/www.pennabakery.it\/#website\",\"url\":\"https:\/\/www.pennabakery.it\/\",\"name\":\"Penna Bakery\",\"description\":\"Fratelli in Pasticceria\",\"potentialAction\":[{\"@type\":\"SearchAction\",\"target\":{\"@type\":\"EntryPoint\",\"urlTemplate\":\"https:\/\/www.pennabakery.it\/?s={search_term_string}\"},\"query-input\":\"required name=search_term_string\"}],\"inLanguage\":\"en-GB\"}]}<\/script>\n<!-- \/ Yoast SEO plugin. -->","yoast_head_json":{"title":"Il Panettone Caramello Salato - Penna Bakery","description":"Il Panettone al Caramello Salato \u00e8 fatta solo con lievito madre ed \u00e8 arricchita di delizioso caramello salato.","robots":{"index":"index","follow":"follow","max-snippet":"max-snippet:-1","max-image-preview":"max-image-preview:large","max-video-preview":"max-video-preview:-1"},"canonical":"https:\/\/www.pennabakery.it\/en\/product\/il-panettone-caramello-salato\/","og_locale":"en_GB","og_type":"article","og_title":"Il Panettone Caramello Salato - Penna Bakery","og_description":"Il Panettone al Caramello Salato \u00e8 fatta solo con lievito madre ed \u00e8 arricchita di delizioso caramello salato.","og_url":"https:\/\/www.pennabakery.it\/en\/product\/il-panettone-caramello-salato\/","og_site_name":"Penna Bakery","article_modified_time":"2025-12-24T12:49:48+00:00","og_image":[{"width":1200,"height":1200,"url":"https:\/\/www.pennabakery.it\/wp-content\/uploads\/2023\/10\/panettone-caramello-salato-penna-bakery.png","type":"image\/png"}],"twitter_card":"summary_large_image","twitter_misc":{"Estimated reading time":"1 minute"},"schema":{"@context":"https:\/\/schema.org","@graph":[{"@type":"WebPage","@id":"https:\/\/www.pennabakery.it\/prodotto\/il-panettone-caramello-salato\/","url":"https:\/\/www.pennabakery.it\/prodotto\/il-panettone-caramello-salato\/","name":"Il Panettone Caramello Salato - Penna Bakery","isPartOf":{"@id":"https:\/\/www.pennabakery.it\/#website"},"datePublished":"2023-10-27T08:27:30+00:00","dateModified":"2025-12-24T12:49:48+00:00","description":"Il Panettone al Caramello Salato \u00e8 fatta solo con lievito madre ed \u00e8 arricchita di delizioso caramello salato.","breadcrumb":{"@id":"https:\/\/www.pennabakery.it\/prodotto\/il-panettone-caramello-salato\/#breadcrumb"},"inLanguage":"en-GB","potentialAction":[{"@type":"ReadAction","target":["https:\/\/www.pennabakery.it\/prodotto\/il-panettone-caramello-salato\/"]}]},{"@type":"BreadcrumbList","@id":"https:\/\/www.pennabakery.it\/prodotto\/il-panettone-caramello-salato\/#breadcrumb","itemListElement":[{"@type":"ListItem","position":1,"name":"Home","item":"https:\/\/www.pennabakery.it\/"},{"@type":"ListItem","position":2,"name":"Lo Shop","item":"https:\/\/www.pennabakery.it\/negozio\/"},{"@type":"ListItem","position":3,"name":"Il Panettone Caramello Salato"}]},{"@type":"WebSite","@id":"https:\/\/www.pennabakery.it\/#website","url":"https:\/\/www.pennabakery.it\/","name":"Penna Bakery","description":"Fratelli in Pasticceria","potentialAction":[{"@type":"SearchAction","target":{"@type":"EntryPoint","urlTemplate":"https:\/\/www.pennabakery.it\/?s={search_term_string}"},"query-input":"required name=search_term_string"}],"inLanguage":"en-GB"}]}},"_links":{"self":[{"href":"https:\/\/www.pennabakery.it\/en\/wp-json\/wp\/v2\/product\/4496"}],"collection":[{"href":"https:\/\/www.pennabakery.it\/en\/wp-json\/wp\/v2\/product"}],"about":[{"href":"https:\/\/www.pennabakery.it\/en\/wp-json\/wp\/v2\/types\/product"}],"wp:featuredmedia":[{"embeddable":true,"href":"https:\/\/www.pennabakery.it\/en\/wp-json\/wp\/v2\/media\/4664"}],"wp:attachment":[{"href":"https:\/\/www.pennabakery.it\/en\/wp-json\/wp\/v2\/media?parent=4496"}],"wp:term":[{"taxonomy":"product_cat","embeddable":true,"href":"https:\/\/www.pennabakery.it\/en\/wp-json\/wp\/v2\/product_cat?post=4496"},{"taxonomy":"product_tag","embeddable":true,"href":"https:\/\/www.pennabakery.it\/en\/wp-json\/wp\/v2\/product_tag?post=4496"}],"curies":[{"name":"wp","href":"https:\/\/api.w.org\/{rel}","templated":true}]}}