{"id":48,"date":"2020-11-24T19:05:03","date_gmt":"2020-11-24T18:05:03","guid":{"rendered":"https:\/\/www.pennabakery.it\/?post_type=product&#038;p=48"},"modified":"2025-12-19T10:07:31","modified_gmt":"2025-12-19T09:07:31","slug":"il-panettone-al-cioccolato-bianco-e-amarena","status":"publish","type":"product","link":"https:\/\/www.pennabakery.it\/en\/product\/il-panettone-al-cioccolato-bianco-e-amarena\/","title":{"rendered":"White Chocolate and Black Cherry Panettone"},"content":{"rendered":"<h3><span data-doc-id=\"8048521000002964014\" data-doc-type=\"writer\">Ingredients<\/span><\/h3>\n<p>00 wheat flour*, butter*, fresh pasteurised egg yolks*, drops of Valrhona white chocolate (sugar, cocoa butter, whole milk* powder, soy lecithin*, natural vanilla extract) Cantiano black cherry, sugar, sourdough starter*, acacia honey, salt, water, Madagascar bourbon vanilla pods.<\/p>\n<h3>List of Allergens<\/h3>\n<p>It contains: gluten, lactose, eggs, soy. It may contain nuts and milk derivatives.<\/p>\n<h3>Storage<\/h3>\n<p>Store in a cool and dry place, away from heat sources. Do not expose to the sun and avoid sudden changes in temperature.<\/p>","protected":false},"excerpt":{"rendered":"<p><span data-doc-id=\"8048521000002964014\" data-doc-type=\"writer\"><strong>Il Panettone cioccolato bianco e amarena<\/strong> \u00e8 fatto con solo lievito madre ed \u00e8 farcito con Cioccolato Ivoire Valrhona 35%, morbido e vanigliato e amarena di Cantiano. La struttura \u00e8 molto soffice e il gusto sposa il palato dei pi\u00f9 golosi. <\/span><\/p>\n<p>100% hand-made, no added preservatives, semi-finished products, flavours and vegetable fats.<\/p>\n<p>Made with passion.<\/p>","protected":false},"featured_media":64,"template":"","meta":[],"product_cat":[89],"product_tag":[],"yoast_head":"<!-- This site is optimized with the Yoast SEO plugin v19.13 - https:\/\/yoast.com\/wordpress\/plugins\/seo\/ -->\n<title>Il Panettone al Cioccolato Bianco e Amarena - Penna Bakery<\/title>\n<meta name=\"robots\" content=\"index, follow, max-snippet:-1, max-image-preview:large, max-video-preview:-1\" \/>\n<link rel=\"canonical\" href=\"https:\/\/www.pennabakery.it\/en\/product\/il-panettone-al-cioccolato-bianco-e-amarena\/\" \/>\n<meta property=\"og:locale\" content=\"en_GB\" \/>\n<meta property=\"og:type\" content=\"article\" \/>\n<meta property=\"og:title\" content=\"Il Panettone al Cioccolato Bianco e Amarena - Penna Bakery\" \/>\n<meta property=\"og:description\" content=\"Il Panettone cioccolato bianco e amarena \u00e8 fatto con solo lievito madre ed \u00e8 farcito con Cioccolato Ivoire Valrhona 35%, morbido e vanigliato e amarena di Cantiano. La struttura \u00e8 molto soffice e il gusto sposa il palato dei pi\u00f9 golosi.   Artigianale al 100% e quindi fatto a mano, non ha conservanti, semilavorati, aromi e grassi vegetali.  Fatto con passione.\" \/>\n<meta property=\"og:url\" content=\"https:\/\/www.pennabakery.it\/en\/product\/il-panettone-al-cioccolato-bianco-e-amarena\/\" \/>\n<meta property=\"og:site_name\" content=\"Penna Bakery\" \/>\n<meta property=\"article:modified_time\" content=\"2025-12-19T09:07:31+00:00\" \/>\n<meta property=\"og:image\" content=\"https:\/\/www.pennabakery.it\/wp-content\/uploads\/2020\/11\/amarena-cioco-bianco.png\" \/>\n\t<meta property=\"og:image:width\" content=\"1200\" \/>\n\t<meta property=\"og:image:height\" content=\"1200\" \/>\n\t<meta property=\"og:image:type\" content=\"image\/png\" \/>\n<meta name=\"twitter:card\" content=\"summary_large_image\" \/>\n<meta name=\"twitter:label1\" content=\"Estimated reading time\" \/>\n\t<meta name=\"twitter:data1\" content=\"1 minute\" \/>\n<script type=\"application\/ld+json\" class=\"yoast-schema-graph\">{\"@context\":\"https:\/\/schema.org\",\"@graph\":[{\"@type\":\"WebPage\",\"@id\":\"https:\/\/www.pennabakery.it\/prodotto\/il-panettone-al-cioccolato-bianco-e-amarena\/\",\"url\":\"https:\/\/www.pennabakery.it\/prodotto\/il-panettone-al-cioccolato-bianco-e-amarena\/\",\"name\":\"Il Panettone al Cioccolato Bianco e Amarena - Penna Bakery\",\"isPartOf\":{\"@id\":\"https:\/\/www.pennabakery.it\/#website\"},\"datePublished\":\"2020-11-24T18:05:03+00:00\",\"dateModified\":\"2025-12-19T09:07:31+00:00\",\"breadcrumb\":{\"@id\":\"https:\/\/www.pennabakery.it\/prodotto\/il-panettone-al-cioccolato-bianco-e-amarena\/#breadcrumb\"},\"inLanguage\":\"en-GB\",\"potentialAction\":[{\"@type\":\"ReadAction\",\"target\":[\"https:\/\/www.pennabakery.it\/prodotto\/il-panettone-al-cioccolato-bianco-e-amarena\/\"]}]},{\"@type\":\"BreadcrumbList\",\"@id\":\"https:\/\/www.pennabakery.it\/prodotto\/il-panettone-al-cioccolato-bianco-e-amarena\/#breadcrumb\",\"itemListElement\":[{\"@type\":\"ListItem\",\"position\":1,\"name\":\"Home\",\"item\":\"https:\/\/www.pennabakery.it\/\"},{\"@type\":\"ListItem\",\"position\":2,\"name\":\"Lo Shop\",\"item\":\"https:\/\/www.pennabakery.it\/negozio\/\"},{\"@type\":\"ListItem\",\"position\":3,\"name\":\"Il Panettone al Cioccolato Bianco e Amarena\"}]},{\"@type\":\"WebSite\",\"@id\":\"https:\/\/www.pennabakery.it\/#website\",\"url\":\"https:\/\/www.pennabakery.it\/\",\"name\":\"Penna Bakery\",\"description\":\"Fratelli in Pasticceria\",\"potentialAction\":[{\"@type\":\"SearchAction\",\"target\":{\"@type\":\"EntryPoint\",\"urlTemplate\":\"https:\/\/www.pennabakery.it\/?s={search_term_string}\"},\"query-input\":\"required name=search_term_string\"}],\"inLanguage\":\"en-GB\"}]}<\/script>\n<!-- \/ Yoast SEO plugin. -->","yoast_head_json":{"title":"Il Panettone al Cioccolato Bianco e Amarena - Penna Bakery","robots":{"index":"index","follow":"follow","max-snippet":"max-snippet:-1","max-image-preview":"max-image-preview:large","max-video-preview":"max-video-preview:-1"},"canonical":"https:\/\/www.pennabakery.it\/en\/product\/il-panettone-al-cioccolato-bianco-e-amarena\/","og_locale":"en_GB","og_type":"article","og_title":"Il Panettone al Cioccolato Bianco e Amarena - Penna Bakery","og_description":"Il Panettone cioccolato bianco e amarena \u00e8 fatto con solo lievito madre ed \u00e8 farcito con Cioccolato Ivoire Valrhona 35%, morbido e vanigliato e amarena di Cantiano. La struttura \u00e8 molto soffice e il gusto sposa il palato dei pi\u00f9 golosi.   Artigianale al 100% e quindi fatto a mano, non ha conservanti, semilavorati, aromi e grassi vegetali.  Fatto con passione.","og_url":"https:\/\/www.pennabakery.it\/en\/product\/il-panettone-al-cioccolato-bianco-e-amarena\/","og_site_name":"Penna Bakery","article_modified_time":"2025-12-19T09:07:31+00:00","og_image":[{"width":1200,"height":1200,"url":"https:\/\/www.pennabakery.it\/wp-content\/uploads\/2020\/11\/amarena-cioco-bianco.png","type":"image\/png"}],"twitter_card":"summary_large_image","twitter_misc":{"Estimated reading time":"1 minute"},"schema":{"@context":"https:\/\/schema.org","@graph":[{"@type":"WebPage","@id":"https:\/\/www.pennabakery.it\/prodotto\/il-panettone-al-cioccolato-bianco-e-amarena\/","url":"https:\/\/www.pennabakery.it\/prodotto\/il-panettone-al-cioccolato-bianco-e-amarena\/","name":"Il Panettone al Cioccolato Bianco e Amarena - Penna Bakery","isPartOf":{"@id":"https:\/\/www.pennabakery.it\/#website"},"datePublished":"2020-11-24T18:05:03+00:00","dateModified":"2025-12-19T09:07:31+00:00","breadcrumb":{"@id":"https:\/\/www.pennabakery.it\/prodotto\/il-panettone-al-cioccolato-bianco-e-amarena\/#breadcrumb"},"inLanguage":"en-GB","potentialAction":[{"@type":"ReadAction","target":["https:\/\/www.pennabakery.it\/prodotto\/il-panettone-al-cioccolato-bianco-e-amarena\/"]}]},{"@type":"BreadcrumbList","@id":"https:\/\/www.pennabakery.it\/prodotto\/il-panettone-al-cioccolato-bianco-e-amarena\/#breadcrumb","itemListElement":[{"@type":"ListItem","position":1,"name":"Home","item":"https:\/\/www.pennabakery.it\/"},{"@type":"ListItem","position":2,"name":"Lo Shop","item":"https:\/\/www.pennabakery.it\/negozio\/"},{"@type":"ListItem","position":3,"name":"Il Panettone al Cioccolato Bianco e Amarena"}]},{"@type":"WebSite","@id":"https:\/\/www.pennabakery.it\/#website","url":"https:\/\/www.pennabakery.it\/","name":"Penna Bakery","description":"Fratelli in Pasticceria","potentialAction":[{"@type":"SearchAction","target":{"@type":"EntryPoint","urlTemplate":"https:\/\/www.pennabakery.it\/?s={search_term_string}"},"query-input":"required name=search_term_string"}],"inLanguage":"en-GB"}]}},"_links":{"self":[{"href":"https:\/\/www.pennabakery.it\/en\/wp-json\/wp\/v2\/product\/48"}],"collection":[{"href":"https:\/\/www.pennabakery.it\/en\/wp-json\/wp\/v2\/product"}],"about":[{"href":"https:\/\/www.pennabakery.it\/en\/wp-json\/wp\/v2\/types\/product"}],"wp:featuredmedia":[{"embeddable":true,"href":"https:\/\/www.pennabakery.it\/en\/wp-json\/wp\/v2\/media\/64"}],"wp:attachment":[{"href":"https:\/\/www.pennabakery.it\/en\/wp-json\/wp\/v2\/media?parent=48"}],"wp:term":[{"taxonomy":"product_cat","embeddable":true,"href":"https:\/\/www.pennabakery.it\/en\/wp-json\/wp\/v2\/product_cat?post=48"},{"taxonomy":"product_tag","embeddable":true,"href":"https:\/\/www.pennabakery.it\/en\/wp-json\/wp\/v2\/product_tag?post=48"}],"curies":[{"name":"wp","href":"https:\/\/api.w.org\/{rel}","templated":true}]}}